{"id":97,"date":"2013-08-11T15:26:47","date_gmt":"2013-08-11T15:26:47","guid":{"rendered":"http:\/\/localhost:8888\/test\/?page_id=456"},"modified":"2025-09-06T05:10:46","modified_gmt":"2025-09-06T05:10:46","slug":"blog-posts","status":"publish","type":"page","link":"https:\/\/letheson.com\/en\/elements\/blog-posts\/","title":{"rendered":"Blog Posts"},"content":{"rendered":"<div class=\"banner has-hover\" id=\"banner-1086667733\">\n          <div class=\"banner-inner fill\">\n        <div class=\"banner-bg fill\" >\n            <div class=\"bg fill bg-fill\"><\/div>\n                        <div class=\"overlay\"><\/div>            \n                    <\/div>\n\t\t\n        <div class=\"banner-layers container\">\n            <div class=\"fill banner-link\"><\/div>            \n\n   <div id=\"text-box-1190011658\" class=\"text-box banner-layer x5 md-x5 lg-x5 y50 md-y50 lg-y50 res-text\">\n                                <div class=\"text-box-content text dark\">\n              \n              <div class=\"text-inner text-left\">\n                  \n\n<h2 class=\"uppercase\"><strong>ki\u1ebfn th\u1ee9c t\u1ef1 ch\u1eefa b\u1ec7nh<\/strong><\/h2>\n<p><strong>Understand Right \u2013 Act Right \u2013 Live Healthier Every Day,<\/strong>, gi\u00fap m\u1ecdi ng\u01b0\u1eddi <strong data-start=\"232\" data-end=\"279\">t\u1ef1 ch\u0103m s\u00f3c v\u00e0 h\u1ed7 tr\u1ee3 \u0111i\u1ec1u tr\u1ecb b\u1ec7nh t\u1ea1i nh\u00e0<\/strong>, ch\u1ee7 \u0111\u1ed9ng b\u1ea3o v\u1ec7 s\u1ee9c kh\u1ecfe m\u00e0 kh\u00f4ng c\u1ea7n d\u00f9ng thu\u1ed1c.<\/p>\n<a rel=\"noopener noreferrer tel:+84983972669\" href=\"tel:+84983972669\" target=\"_blank\" class=\"button primary\"  >\n  <i class=\"icon-phone\" ><\/i>  <span>Free Consultation<\/span>\n  <\/a>\n\n\n\n              <\/div>\n           <\/div>\n                            \n<style>\n#text-box-1190011658 {\n  width: 60%;\n}\n#text-box-1190011658 .text-box-content {\n  font-size: 100%;\n}\n@media (min-width:550px) {\n  #text-box-1190011658 {\n    width: 60%;\n  }\n}\n<\/style>\n    <\/div>\n \n\n        <\/div>\n      <\/div>\n\n            \n<style>\n#banner-1086667733 {\n  padding-top: 500px;\n}\n#banner-1086667733 .bg.bg-loaded {\n  background-image: url(https:\/\/letheson.com\/wp-content\/uploads\/2025\/09\/xoa-bop-bam-huyet-dieu-tri-mat-ngu-1-1.jpg);\n}\n#banner-1086667733 .overlay {\n  background-color: rgba(0, 0, 0, 0.31);\n}\n#banner-1086667733 .bg {\n  background-position: 44% 30%;\n}\n#banner-1086667733 .ux-shape-divider--top svg {\n  height: 150px;\n  --divider-top-width: 100%;\n}\n#banner-1086667733 .ux-shape-divider--bottom svg {\n  height: 150px;\n  --divider-width: 100%;\n}\n<\/style>\n  <\/div>\n\n\n<div class=\"container section-title-container\" style=\"margin-top:31px;\"><h3 class=\"section-title section-title-center\"><b><\/b><span class=\"section-title-main\" style=\"font-size:undefined%;\">Health Knowledge<\/span><b><\/b><\/h3><\/div>\n\n\n  \n    <div class=\"row large-columns-3 medium-columns- small-columns-1\">\n  <div class=\"col post-item\" data-animate=\"fadeInUp\">\n\t\t\t<div class=\"col-inner\">\n\t\t\t<a href=\"https:\/\/letheson.com\/en\/2025\/09\/06\/dien-chan-chua-can-loan-thi-cho-hoc-sinh\/\" class=\"plain\">\n\t\t\t\t<div class=\"box box-normal box-text-bottom box-blog-post has-hover\">\n            \t\t\t\t\t<div class=\"box-image\" >\n  \t\t\t\t\t\t<div class=\"image-cover\" style=\"padding-top:100%;\">\n  \t\t\t\t\t\t\t<img loading=\"lazy\" decoding=\"async\" width=\"564\" height=\"805\" src=\"https:\/\/letheson.com\/wp-content\/uploads\/2025\/09\/f01ded2cd2571a2f10c100b3090cd25c.jpg\" class=\"attachment-original size-original wp-post-image\" alt=\"\" srcset=\"https:\/\/letheson.com\/wp-content\/uploads\/2025\/09\/f01ded2cd2571a2f10c100b3090cd25c.jpg 564w, https:\/\/letheson.com\/wp-content\/uploads\/2025\/09\/f01ded2cd2571a2f10c100b3090cd25c-280x400.jpg 280w, https:\/\/letheson.com\/wp-content\/uploads\/2025\/09\/f01ded2cd2571a2f10c100b3090cd25c-560x800.jpg 560w, https:\/\/letheson.com\/wp-content\/uploads\/2025\/09\/f01ded2cd2571a2f10c100b3090cd25c-8x12.jpg 8w\" sizes=\"auto, (max-width: 564px) 100vw, 564px\" \/>  \t\t\t\t\t\t\t  \t\t\t\t\t\t\t  \t\t\t\t\t\t<\/div>\n  \t\t\t\t\t\t  \t\t\t\t\t<\/div>\n          \t\t\t\t\t<div class=\"box-text text-left\" >\n\t\t\t\t\t<div class=\"box-text-inner blog-post-inner\">\n\n\t\t\t\t\t\n\t\t\t\t\t\t\t\t\t\t<h5 class=\"post-title is-large\">Dien Chan Therapy for Treating Nearsightedness and Astigmatism in Students<\/h5>\n\t\t\t\t\t\t\t\t\t\t<div class=\"is-divider\"><\/div>\n\t\t\t\t\t\t\t\t\t\t<p class=\"from_the_blog_excerpt\">Ng\u00e0y nay, tr\u1ebb em h\u1ecdc nhi\u1ec1u, ti\u1ebfp x\u00fac thi\u1ebft b\u1ecb \u0111i\u1ec7n t\u1eed s\u1edbm, d\u1eabn \u0111\u1ebfn [...]\t\t\t\t\t<\/p>\n\t\t\t\t\t                    \n\t\t\t\t\t\n\t\t\t\t\t\n\t\t\t\t\t<\/div>\n\t\t\t\t\t<\/div>\n\t\t\t\t\t\t\t\t\t<\/div>\n\t\t\t\t<\/a>\n\t\t\t<\/div>\n\t\t<\/div><div class=\"col post-item\" data-animate=\"fadeInUp\">\n\t\t\t<div class=\"col-inner\">\n\t\t\t<a href=\"https:\/\/letheson.com\/en\/2025\/09\/06\/5-dong-tac-dien-chan-giup-giam-dau-dau-mat-ngu\/\" class=\"plain\">\n\t\t\t\t<div class=\"box box-normal box-text-bottom box-blog-post has-hover\">\n            \t\t\t\t\t<div class=\"box-image\" >\n  \t\t\t\t\t\t<div class=\"image-cover\" style=\"padding-top:100%;\">\n  \t\t\t\t\t\t\t<img loading=\"lazy\" decoding=\"async\" width=\"768\" height=\"529\" src=\"https:\/\/letheson.com\/wp-content\/uploads\/2025\/09\/chua-mat-ngu-bang-dien-chan-0.jpg\" class=\"attachment-original size-original wp-post-image\" alt=\"\" srcset=\"https:\/\/letheson.com\/wp-content\/uploads\/2025\/09\/chua-mat-ngu-bang-dien-chan-0.jpg 768w, https:\/\/letheson.com\/wp-content\/uploads\/2025\/09\/chua-mat-ngu-bang-dien-chan-0-581x400.jpg 581w, https:\/\/letheson.com\/wp-content\/uploads\/2025\/09\/chua-mat-ngu-bang-dien-chan-0-18x12.jpg 18w, https:\/\/letheson.com\/wp-content\/uploads\/2025\/09\/chua-mat-ngu-bang-dien-chan-0-600x413.jpg 600w\" sizes=\"auto, (max-width: 768px) 100vw, 768px\" \/>  \t\t\t\t\t\t\t  \t\t\t\t\t\t\t  \t\t\t\t\t\t<\/div>\n  \t\t\t\t\t\t  \t\t\t\t\t<\/div>\n          \t\t\t\t\t<div class=\"box-text text-left\" >\n\t\t\t\t\t<div class=\"box-text-inner blog-post-inner\">\n\n\t\t\t\t\t\n\t\t\t\t\t\t\t\t\t\t<h5 class=\"post-title is-large\">5 Dien Chan Techniques to Help Relieve Headaches and Insomnia<\/h5>\n\t\t\t\t\t\t\t\t\t\t<div class=\"is-divider\"><\/div>\n\t\t\t\t\t\t\t\t\t\t<p class=\"from_the_blog_excerpt\">\u0110au \u0111\u1ea7u, m\u1ea5t ng\u1ee7 l\u00e0 tri\u1ec7u ch\u1ee9ng ph\u1ed5 bi\u1ebfn trong cu\u1ed9c s\u1ed1ng hi\u1ec7n \u0111\u1ea1i. V\u1edbi [...]\t\t\t\t\t<\/p>\n\t\t\t\t\t                    \n\t\t\t\t\t\n\t\t\t\t\t\n\t\t\t\t\t<\/div>\n\t\t\t\t\t<\/div>\n\t\t\t\t\t\t\t\t\t<\/div>\n\t\t\t\t<\/a>\n\t\t\t<\/div>\n\t\t<\/div><div class=\"col post-item\" data-animate=\"fadeInUp\">\n\t\t\t<div class=\"col-inner\">\n\t\t\t<a href=\"https:\/\/letheson.com\/en\/2025\/09\/06\/dien-chan-phuong-phap-tu-chua-benh-cua-nguoi-viet\/\" class=\"plain\">\n\t\t\t\t<div class=\"box box-normal box-text-bottom box-blog-post has-hover\">\n            \t\t\t\t\t<div class=\"box-image\" >\n  \t\t\t\t\t\t<div class=\"image-cover\" style=\"padding-top:100%;\">\n  \t\t\t\t\t\t\t<img loading=\"lazy\" decoding=\"async\" width=\"800\" height=\"450\" src=\"https:\/\/letheson.com\/wp-content\/uploads\/2025\/09\/ZVUhBG9V-dien_chan_chua_mat_ngu_co_hieu_qua_khong_2_1b2ccacf01.webp\" class=\"attachment-original size-original wp-post-image\" alt=\"\" srcset=\"https:\/\/letheson.com\/wp-content\/uploads\/2025\/09\/ZVUhBG9V-dien_chan_chua_mat_ngu_co_hieu_qua_khong_2_1b2ccacf01.webp 800w, https:\/\/letheson.com\/wp-content\/uploads\/2025\/09\/ZVUhBG9V-dien_chan_chua_mat_ngu_co_hieu_qua_khong_2_1b2ccacf01-711x400.webp 711w, https:\/\/letheson.com\/wp-content\/uploads\/2025\/09\/ZVUhBG9V-dien_chan_chua_mat_ngu_co_hieu_qua_khong_2_1b2ccacf01-768x432.webp 768w, https:\/\/letheson.com\/wp-content\/uploads\/2025\/09\/ZVUhBG9V-dien_chan_chua_mat_ngu_co_hieu_qua_khong_2_1b2ccacf01-18x10.webp 18w, https:\/\/letheson.com\/wp-content\/uploads\/2025\/09\/ZVUhBG9V-dien_chan_chua_mat_ngu_co_hieu_qua_khong_2_1b2ccacf01-600x338.webp 600w\" sizes=\"auto, (max-width: 800px) 100vw, 800px\" \/>  \t\t\t\t\t\t\t  \t\t\t\t\t\t\t  \t\t\t\t\t\t<\/div>\n  \t\t\t\t\t\t  \t\t\t\t\t<\/div>\n          \t\t\t\t\t<div class=\"box-text text-left\" >\n\t\t\t\t\t<div class=\"box-text-inner blog-post-inner\">\n\n\t\t\t\t\t\n\t\t\t\t\t\t\t\t\t\t<h5 class=\"post-title is-large\">Dien Chan \u2013 The Vietnamese Method of Self-Healing<\/h5>\n\t\t\t\t\t\t\t\t\t\t<div class=\"is-divider\"><\/div>\n\t\t\t\t\t\t\t\t\t\t<p class=\"from_the_blog_excerpt\">Di\u1ec7n Ch\u1ea9n \u2013 \u0110i\u1ec1u khi\u1ec3n li\u1ec7u ph\u00e1p l\u00e0 ph\u01b0\u01a1ng ph\u00e1p y h\u1ecdc c\u1ed5 truy\u1ec1n Vi\u1ec7t [...]\t\t\t\t\t<\/p>\n\t\t\t\t\t                    \n\t\t\t\t\t\n\t\t\t\t\t\n\t\t\t\t\t<\/div>\n\t\t\t\t\t<\/div>\n\t\t\t\t\t\t\t\t\t<\/div>\n\t\t\t\t<\/a>\n\t\t\t<\/div>\n\t\t<\/div><div class=\"col post-item\" data-animate=\"fadeInUp\">\n\t\t\t<div class=\"col-inner\">\n\t\t\t<a href=\"https:\/\/letheson.com\/en\/2025\/09\/06\/9-cach-bam-huyet-tri-ho-de-thuc-hien-ngay-tai-nha\/\" class=\"plain\">\n\t\t\t\t<div class=\"box box-normal box-text-bottom box-blog-post has-hover\">\n            \t\t\t\t\t<div class=\"box-image\" >\n  \t\t\t\t\t\t<div class=\"image-cover\" style=\"padding-top:100%;\">\n  \t\t\t\t\t\t\t<img loading=\"lazy\" decoding=\"async\" width=\"1000\" height=\"667\" src=\"https:\/\/letheson.com\/wp-content\/uploads\/2025\/09\/bam-huyet-dung-tuyen-tri-ho.jpg\" class=\"attachment-original size-original wp-post-image\" alt=\"\" srcset=\"https:\/\/letheson.com\/wp-content\/uploads\/2025\/09\/bam-huyet-dung-tuyen-tri-ho.jpg 1000w, https:\/\/letheson.com\/wp-content\/uploads\/2025\/09\/bam-huyet-dung-tuyen-tri-ho-600x400.jpg 600w, https:\/\/letheson.com\/wp-content\/uploads\/2025\/09\/bam-huyet-dung-tuyen-tri-ho-768x512.jpg 768w, https:\/\/letheson.com\/wp-content\/uploads\/2025\/09\/bam-huyet-dung-tuyen-tri-ho-18x12.jpg 18w\" sizes=\"auto, (max-width: 1000px) 100vw, 1000px\" \/>  \t\t\t\t\t\t\t  \t\t\t\t\t\t\t  \t\t\t\t\t\t<\/div>\n  \t\t\t\t\t\t  \t\t\t\t\t<\/div>\n          \t\t\t\t\t<div class=\"box-text text-left\" >\n\t\t\t\t\t<div class=\"box-text-inner blog-post-inner\">\n\n\t\t\t\t\t\n\t\t\t\t\t\t\t\t\t\t<h5 class=\"post-title is-large\">9 Acupressure Techniques for Treating Cough Easily at Home<\/h5>\n\t\t\t\t\t\t\t\t\t\t<div class=\"is-divider\"><\/div>\n\t\t\t\t\t\t\t\t\t\t<p class=\"from_the_blog_excerpt\">C\u00f9ng v\u1edbi ch\u00e2m c\u1ee9u th\u00ec xoa b\u00f3p b\u1ea5m huy\u1ec7t l\u00e0 ph\u01b0\u01a1ng ph\u00e1p \u0111i\u1ec1u tr\u1ecb b\u1ec7nh [...]\t\t\t\t\t<\/p>\n\t\t\t\t\t                    \n\t\t\t\t\t\n\t\t\t\t\t\n\t\t\t\t\t<\/div>\n\t\t\t\t\t<\/div>\n\t\t\t\t\t\t\t\t\t<\/div>\n\t\t\t\t<\/a>\n\t\t\t<\/div>\n\t\t<\/div><div class=\"col post-item\" data-animate=\"fadeInUp\">\n\t\t\t<div class=\"col-inner\">\n\t\t\t<a href=\"https:\/\/letheson.com\/en\/2025\/09\/06\/cac-huyet-massage-hang-ngay-tot-cho-co-the\/\" class=\"plain\">\n\t\t\t\t<div class=\"box box-normal box-text-bottom box-blog-post has-hover\">\n            \t\t\t\t\t<div class=\"box-image\" >\n  \t\t\t\t\t\t<div class=\"image-cover\" style=\"padding-top:100%;\">\n  \t\t\t\t\t\t\t<img loading=\"lazy\" decoding=\"async\" width=\"1202\" height=\"680\" src=\"https:\/\/letheson.com\/wp-content\/uploads\/2025\/09\/5-HUYET-DAO-MASSAGE-HANG-NGAY-GIUP-DAY-LUI-BENH-TAT.png\" class=\"attachment-original size-original wp-post-image\" alt=\"\" srcset=\"https:\/\/letheson.com\/wp-content\/uploads\/2025\/09\/5-HUYET-DAO-MASSAGE-HANG-NGAY-GIUP-DAY-LUI-BENH-TAT.png 1202w, https:\/\/letheson.com\/wp-content\/uploads\/2025\/09\/5-HUYET-DAO-MASSAGE-HANG-NGAY-GIUP-DAY-LUI-BENH-TAT-707x400.png 707w, https:\/\/letheson.com\/wp-content\/uploads\/2025\/09\/5-HUYET-DAO-MASSAGE-HANG-NGAY-GIUP-DAY-LUI-BENH-TAT-768x434.png 768w, https:\/\/letheson.com\/wp-content\/uploads\/2025\/09\/5-HUYET-DAO-MASSAGE-HANG-NGAY-GIUP-DAY-LUI-BENH-TAT-18x10.png 18w, https:\/\/letheson.com\/wp-content\/uploads\/2025\/09\/5-HUYET-DAO-MASSAGE-HANG-NGAY-GIUP-DAY-LUI-BENH-TAT-600x339.png 600w\" sizes=\"auto, (max-width: 1202px) 100vw, 1202px\" \/>  \t\t\t\t\t\t\t  \t\t\t\t\t\t\t  \t\t\t\t\t\t<\/div>\n  \t\t\t\t\t\t  \t\t\t\t\t<\/div>\n          \t\t\t\t\t<div class=\"box-text text-left\" >\n\t\t\t\t\t<div class=\"box-text-inner blog-post-inner\">\n\n\t\t\t\t\t\n\t\t\t\t\t\t\t\t\t\t<h5 class=\"post-title is-large\">Daily Massage Points Beneficial for the Body<\/h5>\n\t\t\t\t\t\t\t\t\t\t<div class=\"is-divider\"><\/div>\n\t\t\t\t\t\t\t\t\t\t<p class=\"from_the_blog_excerpt\">Tr\u00ean c\u01a1 th\u1ec3 c\u00f3 c\u00e1c huy\u1ec7t c\u00f3 nhi\u1ec1u ch\u1ee9c n\u0103ng nh\u01b0 gi\u00fap ch\u1ea9n \u0111o\u00e1n b\u1ec7nh, [...]\t\t\t\t\t<\/p>\n\t\t\t\t\t                    \n\t\t\t\t\t\n\t\t\t\t\t\n\t\t\t\t\t<\/div>\n\t\t\t\t\t<\/div>\n\t\t\t\t\t\t\t\t\t<\/div>\n\t\t\t\t<\/a>\n\t\t\t<\/div>\n\t\t<\/div><div class=\"col post-item\" data-animate=\"fadeInUp\">\n\t\t\t<div class=\"col-inner\">\n\t\t\t<a href=\"https:\/\/letheson.com\/en\/2025\/09\/06\/20-thu-thuat-xoa-bop-bam-huyet-trong-y-hoc-co-truyen\/\" class=\"plain\">\n\t\t\t\t<div class=\"box box-normal box-text-bottom box-blog-post has-hover\">\n            \t\t\t\t\t<div class=\"box-image\" >\n  \t\t\t\t\t\t<div class=\"image-cover\" style=\"padding-top:100%;\">\n  \t\t\t\t\t\t\t<img loading=\"lazy\" decoding=\"async\" width=\"1000\" height=\"1000\" src=\"https:\/\/letheson.com\/wp-content\/uploads\/2025\/09\/1.png\" class=\"attachment-original size-original wp-post-image\" alt=\"\" srcset=\"https:\/\/letheson.com\/wp-content\/uploads\/2025\/09\/1.png 1000w, https:\/\/letheson.com\/wp-content\/uploads\/2025\/09\/1-400x400.png 400w, https:\/\/letheson.com\/wp-content\/uploads\/2025\/09\/1-800x800.png 800w, https:\/\/letheson.com\/wp-content\/uploads\/2025\/09\/1-280x280.png 280w, https:\/\/letheson.com\/wp-content\/uploads\/2025\/09\/1-768x768.png 768w, https:\/\/letheson.com\/wp-content\/uploads\/2025\/09\/1-300x300.png 300w, https:\/\/letheson.com\/wp-content\/uploads\/2025\/09\/1-600x600.png 600w, https:\/\/letheson.com\/wp-content\/uploads\/2025\/09\/1-100x100.png 100w\" sizes=\"auto, (max-width: 1000px) 100vw, 1000px\" \/>  \t\t\t\t\t\t\t  \t\t\t\t\t\t\t  \t\t\t\t\t\t<\/div>\n  \t\t\t\t\t\t  \t\t\t\t\t<\/div>\n          \t\t\t\t\t<div class=\"box-text text-left\" >\n\t\t\t\t\t<div class=\"box-text-inner blog-post-inner\">\n\n\t\t\t\t\t\n\t\t\t\t\t\t\t\t\t\t<h5 class=\"post-title is-large\">20 Acupressure and Massage Techniques in Traditional Medicine<\/h5>\n\t\t\t\t\t\t\t\t\t\t<div class=\"is-divider\"><\/div>\n\t\t\t\t\t\t\t\t\t\t<p class=\"from_the_blog_excerpt\">Trong cu\u1ed9c s\u1ed1ng hi\u1ec7n \u0111\u1ea1i, nhi\u1ec1u ng\u01b0\u1eddi ng\u00e0y c\u00e0ng ch\u00fa tr\u1ecdng \u0111\u1ebfn vi\u1ec7c ch\u0103m s\u00f3c [...]\t\t\t\t\t<\/p>\n\t\t\t\t\t                    \n\t\t\t\t\t\n\t\t\t\t\t\n\t\t\t\t\t<\/div>\n\t\t\t\t\t<\/div>\n\t\t\t\t\t\t\t\t\t<\/div>\n\t\t\t\t<\/a>\n\t\t\t<\/div>\n\t\t<\/div><\/div>","protected":false},"excerpt":{"rendered":"","protected":false},"author":1,"featured_media":18,"parent":99,"menu_order":8,"comment_status":"closed","ping_status":"closed","template":"page-blank.php","meta":{"footnotes":""},"class_list":["post-97","page","type-page","status-publish","has-post-thumbnail","hentry"],"yoast_head":"<!-- This site is optimized with the Yoast SEO plugin v25.8 - https:\/\/yoast.com\/wordpress\/plugins\/seo\/ -->\n<title>Blog Posts - XOA B\u00d3P, B\u1ea4M HUY\u1ec6T Y H\u1eccC C\u1ed4 TRUY\u1ec0N KH\u00d4NG D\u00d9NG THU\u1ed0C<\/title>\n<meta name=\"robots\" content=\"index, follow, max-snippet:-1, max-image-preview:large, max-video-preview:-1\" \/>\n<link rel=\"canonical\" href=\"https:\/\/letheson.com\/en\/elements\/blog-posts\/\" \/>\n<meta property=\"og:locale\" content=\"en_US\" \/>\n<meta property=\"og:type\" content=\"article\" \/>\n<meta property=\"og:title\" content=\"Blog Posts - XOA B\u00d3P, B\u1ea4M HUY\u1ec6T Y H\u1eccC C\u1ed4 TRUY\u1ec0N KH\u00d4NG D\u00d9NG THU\u1ed0C\" \/>\n<meta property=\"og:url\" content=\"https:\/\/letheson.com\/en\/elements\/blog-posts\/\" \/>\n<meta property=\"og:site_name\" content=\"XOA B\u00d3P, B\u1ea4M HUY\u1ec6T Y H\u1eccC C\u1ed4 TRUY\u1ec0N KH\u00d4NG D\u00d9NG THU\u1ed0C\" \/>\n<meta property=\"article:modified_time\" content=\"2025-09-06T05:10:46+00:00\" \/>\n<meta property=\"og:image\" content=\"https:\/\/letheson.com\/wp-content\/uploads\/2016\/08\/dummy-1.jpg\" \/>\n\t<meta property=\"og:image:width\" content=\"400\" \/>\n\t<meta property=\"og:image:height\" content=\"260\" \/>\n\t<meta property=\"og:image:type\" content=\"image\/jpeg\" \/>\n<meta name=\"twitter:card\" content=\"summary_large_image\" \/>\n<meta name=\"twitter:label1\" content=\"Est. reading time\" \/>\n\t<meta name=\"twitter:data1\" content=\"1 minute\" \/>\n<script type=\"application\/ld+json\" class=\"yoast-schema-graph\">{\"@context\":\"https:\/\/schema.org\",\"@graph\":[{\"@type\":\"WebPage\",\"@id\":\"https:\/\/letheson.com\/elements\/blog-posts\/\",\"url\":\"https:\/\/letheson.com\/elements\/blog-posts\/\",\"name\":\"Blog Posts - XOA B\u00d3P, B\u1ea4M HUY\u1ec6T Y H\u1eccC C\u1ed4 TRUY\u1ec0N KH\u00d4NG D\u00d9NG THU\u1ed0C\",\"isPartOf\":{\"@id\":\"https:\/\/letheson.com\/#website\"},\"primaryImageOfPage\":{\"@id\":\"https:\/\/letheson.com\/elements\/blog-posts\/#primaryimage\"},\"image\":{\"@id\":\"https:\/\/letheson.com\/elements\/blog-posts\/#primaryimage\"},\"thumbnailUrl\":\"https:\/\/letheson.com\/wp-content\/uploads\/2016\/08\/dummy-1.jpg\",\"datePublished\":\"2013-08-11T15:26:47+00:00\",\"dateModified\":\"2025-09-06T05:10:46+00:00\",\"breadcrumb\":{\"@id\":\"https:\/\/letheson.com\/elements\/blog-posts\/#breadcrumb\"},\"inLanguage\":\"en-US\",\"potentialAction\":[{\"@type\":\"ReadAction\",\"target\":[\"https:\/\/letheson.com\/elements\/blog-posts\/\"]}]},{\"@type\":\"ImageObject\",\"inLanguage\":\"en-US\",\"@id\":\"https:\/\/letheson.com\/elements\/blog-posts\/#primaryimage\",\"url\":\"https:\/\/letheson.com\/wp-content\/uploads\/2016\/08\/dummy-1.jpg\",\"contentUrl\":\"https:\/\/letheson.com\/wp-content\/uploads\/2016\/08\/dummy-1.jpg\",\"width\":400,\"height\":260},{\"@type\":\"BreadcrumbList\",\"@id\":\"https:\/\/letheson.com\/elements\/blog-posts\/#breadcrumb\",\"itemListElement\":[{\"@type\":\"ListItem\",\"position\":1,\"name\":\"Trang ch\u1ee7\",\"item\":\"https:\/\/letheson.com\/\"},{\"@type\":\"ListItem\",\"position\":2,\"name\":\"Elements\",\"item\":\"https:\/\/letheson.com\/elements\/\"},{\"@type\":\"ListItem\",\"position\":3,\"name\":\"Blog Posts\"}]},{\"@type\":\"WebSite\",\"@id\":\"https:\/\/letheson.com\/#website\",\"url\":\"https:\/\/letheson.com\/\",\"name\":\"XOA B\u00d3P, B\u1ea4M HUY\u1ec6T Y H\u1eccC C\u1ed4 TRUY\u1ec0N KH\u00d4NG D\u00d9NG THU\u1ed0C\",\"description\":\"V\u1edbi nhi\u1ec1u n\u0103m kinh nghi\u1ec7m tr\u1ecb li\u1ec7u b\u1eb1ng ph\u01b0\u01a1ng ph\u00e1p xoa b\u00f3p, b\u1ea5m huy\u1ec7t y h\u1ecdc c\u1ed5 truy\u1ec1n kh\u00f4ng d\u00f9ng thu\u1ed1c, th\u1ea7y S\u01a1n \u0111\u00e3 gi\u00fap h\u00e0ng ng\u00e0n b\u1ec7nh nh\u00e2n trong v\u00e0 ngo\u00e0i n\u01b0\u1edbc c\u1ea3i thi\u1ec7n s\u1ee9c kh\u1ecfe, ph\u1ee5c h\u1ed3i v\u1eadn \u0111\u1ed9ng, v\u01b0\u1ee3t qua b\u1ec7nh t\u1eadt.\",\"publisher\":{\"@id\":\"https:\/\/letheson.com\/#\/schema\/person\/63ac68cd5130f8e87dbbd9dd0fe8c383\"},\"potentialAction\":[{\"@type\":\"SearchAction\",\"target\":{\"@type\":\"EntryPoint\",\"urlTemplate\":\"https:\/\/letheson.com\/?s={search_term_string}\"},\"query-input\":{\"@type\":\"PropertyValueSpecification\",\"valueRequired\":true,\"valueName\":\"search_term_string\"}}],\"inLanguage\":\"en-US\"},{\"@type\":[\"Person\",\"Organization\"],\"@id\":\"https:\/\/letheson.com\/#\/schema\/person\/63ac68cd5130f8e87dbbd9dd0fe8c383\",\"name\":\"admin\",\"image\":{\"@type\":\"ImageObject\",\"inLanguage\":\"en-US\",\"@id\":\"https:\/\/letheson.com\/#\/schema\/person\/image\/\",\"url\":\"https:\/\/letheson.com\/wp-content\/uploads\/2025\/09\/dereption.png\",\"contentUrl\":\"https:\/\/letheson.com\/wp-content\/uploads\/2025\/09\/dereption.png\",\"width\":1200,\"height\":675,\"caption\":\"admin\"},\"logo\":{\"@id\":\"https:\/\/letheson.com\/#\/schema\/person\/image\/\"},\"sameAs\":[\"https:\/\/letheson.com\"]}]}<\/script>\n<!-- \/ Yoast SEO plugin. -->","yoast_head_json":{"title":"Blog Posts - XOA B\u00d3P, B\u1ea4M HUY\u1ec6T Y H\u1eccC C\u1ed4 TRUY\u1ec0N KH\u00d4NG D\u00d9NG THU\u1ed0C","robots":{"index":"index","follow":"follow","max-snippet":"max-snippet:-1","max-image-preview":"max-image-preview:large","max-video-preview":"max-video-preview:-1"},"canonical":"https:\/\/letheson.com\/en\/elements\/blog-posts\/","og_locale":"en_US","og_type":"article","og_title":"Blog Posts - XOA B\u00d3P, B\u1ea4M HUY\u1ec6T Y H\u1eccC C\u1ed4 TRUY\u1ec0N KH\u00d4NG D\u00d9NG THU\u1ed0C","og_url":"https:\/\/letheson.com\/en\/elements\/blog-posts\/","og_site_name":"XOA B\u00d3P, B\u1ea4M HUY\u1ec6T Y H\u1eccC C\u1ed4 TRUY\u1ec0N KH\u00d4NG D\u00d9NG THU\u1ed0C","article_modified_time":"2025-09-06T05:10:46+00:00","og_image":[{"width":400,"height":260,"url":"https:\/\/letheson.com\/wp-content\/uploads\/2016\/08\/dummy-1.jpg","type":"image\/jpeg"}],"twitter_card":"summary_large_image","twitter_misc":{"Est. reading time":"1 minute"},"schema":{"@context":"https:\/\/schema.org","@graph":[{"@type":"WebPage","@id":"https:\/\/letheson.com\/elements\/blog-posts\/","url":"https:\/\/letheson.com\/elements\/blog-posts\/","name":"Blog Posts - XOA B\u00d3P, B\u1ea4M HUY\u1ec6T Y H\u1eccC C\u1ed4 TRUY\u1ec0N KH\u00d4NG D\u00d9NG THU\u1ed0C","isPartOf":{"@id":"https:\/\/letheson.com\/#website"},"primaryImageOfPage":{"@id":"https:\/\/letheson.com\/elements\/blog-posts\/#primaryimage"},"image":{"@id":"https:\/\/letheson.com\/elements\/blog-posts\/#primaryimage"},"thumbnailUrl":"https:\/\/letheson.com\/wp-content\/uploads\/2016\/08\/dummy-1.jpg","datePublished":"2013-08-11T15:26:47+00:00","dateModified":"2025-09-06T05:10:46+00:00","breadcrumb":{"@id":"https:\/\/letheson.com\/elements\/blog-posts\/#breadcrumb"},"inLanguage":"en-US","potentialAction":[{"@type":"ReadAction","target":["https:\/\/letheson.com\/elements\/blog-posts\/"]}]},{"@type":"ImageObject","inLanguage":"en-US","@id":"https:\/\/letheson.com\/elements\/blog-posts\/#primaryimage","url":"https:\/\/letheson.com\/wp-content\/uploads\/2016\/08\/dummy-1.jpg","contentUrl":"https:\/\/letheson.com\/wp-content\/uploads\/2016\/08\/dummy-1.jpg","width":400,"height":260},{"@type":"BreadcrumbList","@id":"https:\/\/letheson.com\/elements\/blog-posts\/#breadcrumb","itemListElement":[{"@type":"ListItem","position":1,"name":"Trang ch\u1ee7","item":"https:\/\/letheson.com\/"},{"@type":"ListItem","position":2,"name":"Elements","item":"https:\/\/letheson.com\/elements\/"},{"@type":"ListItem","position":3,"name":"Blog Posts"}]},{"@type":"WebSite","@id":"https:\/\/letheson.com\/#website","url":"https:\/\/letheson.com\/","name":"XOA B\u00d3P, B\u1ea4M HUY\u1ec6T Y H\u1eccC C\u1ed4 TRUY\u1ec0N KH\u00d4NG D\u00d9NG THU\u1ed0C","description":"V\u1edbi nhi\u1ec1u n\u0103m kinh nghi\u1ec7m tr\u1ecb li\u1ec7u b\u1eb1ng ph\u01b0\u01a1ng ph\u00e1p xoa b\u00f3p, b\u1ea5m huy\u1ec7t y h\u1ecdc c\u1ed5 truy\u1ec1n kh\u00f4ng d\u00f9ng thu\u1ed1c, th\u1ea7y S\u01a1n \u0111\u00e3 gi\u00fap h\u00e0ng ng\u00e0n b\u1ec7nh nh\u00e2n trong v\u00e0 ngo\u00e0i n\u01b0\u1edbc c\u1ea3i thi\u1ec7n s\u1ee9c kh\u1ecfe, ph\u1ee5c h\u1ed3i v\u1eadn \u0111\u1ed9ng, v\u01b0\u1ee3t qua b\u1ec7nh t\u1eadt.","publisher":{"@id":"https:\/\/letheson.com\/#\/schema\/person\/63ac68cd5130f8e87dbbd9dd0fe8c383"},"potentialAction":[{"@type":"SearchAction","target":{"@type":"EntryPoint","urlTemplate":"https:\/\/letheson.com\/?s={search_term_string}"},"query-input":{"@type":"PropertyValueSpecification","valueRequired":true,"valueName":"search_term_string"}}],"inLanguage":"en-US"},{"@type":["Person","Organization"],"@id":"https:\/\/letheson.com\/#\/schema\/person\/63ac68cd5130f8e87dbbd9dd0fe8c383","name":"admin","image":{"@type":"ImageObject","inLanguage":"en-US","@id":"https:\/\/letheson.com\/#\/schema\/person\/image\/","url":"https:\/\/letheson.com\/wp-content\/uploads\/2025\/09\/dereption.png","contentUrl":"https:\/\/letheson.com\/wp-content\/uploads\/2025\/09\/dereption.png","width":1200,"height":675,"caption":"admin"},"logo":{"@id":"https:\/\/letheson.com\/#\/schema\/person\/image\/"},"sameAs":["https:\/\/letheson.com"]}]}},"_links":{"self":[{"href":"https:\/\/letheson.com\/en\/wp-json\/wp\/v2\/pages\/97","targetHints":{"allow":["GET"]}}],"collection":[{"href":"https:\/\/letheson.com\/en\/wp-json\/wp\/v2\/pages"}],"about":[{"href":"https:\/\/letheson.com\/en\/wp-json\/wp\/v2\/types\/page"}],"author":[{"embeddable":true,"href":"https:\/\/letheson.com\/en\/wp-json\/wp\/v2\/users\/1"}],"replies":[{"embeddable":true,"href":"https:\/\/letheson.com\/en\/wp-json\/wp\/v2\/comments?post=97"}],"version-history":[{"count":5,"href":"https:\/\/letheson.com\/en\/wp-json\/wp\/v2\/pages\/97\/revisions"}],"predecessor-version":[{"id":610,"href":"https:\/\/letheson.com\/en\/wp-json\/wp\/v2\/pages\/97\/revisions\/610"}],"up":[{"embeddable":true,"href":"https:\/\/letheson.com\/en\/wp-json\/wp\/v2\/pages\/99"}],"wp:featuredmedia":[{"embeddable":true,"href":"https:\/\/letheson.com\/en\/wp-json\/wp\/v2\/media\/18"}],"wp:attachment":[{"href":"https:\/\/letheson.com\/en\/wp-json\/wp\/v2\/media?parent=97"}],"curies":[{"name":"wp","href":"https:\/\/api.w.org\/{rel}","templated":true}]}}