{"id":12,"date":"2025-09-02T11:03:23","date_gmt":"2025-09-02T11:03:23","guid":{"rendered":"https:\/\/letheson.com\/index.php\/my-account\/"},"modified":"2025-09-02T11:03:23","modified_gmt":"2025-09-02T11:03:23","slug":"my-account","status":"publish","type":"page","link":"https:\/\/letheson.com\/en\/my-account\/","title":{"rendered":"My account"},"content":{"rendered":"<div class=\"woocommerce\"><\/div>","protected":false},"excerpt":{"rendered":"","protected":false},"author":1,"featured_media":0,"parent":0,"menu_order":0,"comment_status":"closed","ping_status":"closed","template":"","meta":{"footnotes":""},"class_list":["post-12","page","type-page","status-publish","hentry"],"yoast_head":"<!-- This site is optimized with the Yoast SEO plugin v25.8 - https:\/\/yoast.com\/wordpress\/plugins\/seo\/ -->\n<title>My account - XOA B\u00d3P, B\u1ea4M HUY\u1ec6T Y H\u1eccC C\u1ed4 TRUY\u1ec0N KH\u00d4NG D\u00d9NG THU\u1ed0C<\/title>\n<meta name=\"robots\" content=\"index, follow, max-snippet:-1, max-image-preview:large, max-video-preview:-1\" \/>\n<link rel=\"canonical\" href=\"https:\/\/letheson.com\/en\/my-account\/\" \/>\n<meta property=\"og:locale\" content=\"en_US\" \/>\n<meta property=\"og:type\" content=\"article\" \/>\n<meta property=\"og:title\" content=\"My account - XOA B\u00d3P, B\u1ea4M HUY\u1ec6T Y H\u1eccC C\u1ed4 TRUY\u1ec0N KH\u00d4NG D\u00d9NG THU\u1ed0C\" \/>\n<meta property=\"og:url\" content=\"https:\/\/letheson.com\/en\/my-account\/\" \/>\n<meta property=\"og:site_name\" content=\"XOA B\u00d3P, B\u1ea4M HUY\u1ec6T Y H\u1eccC C\u1ed4 TRUY\u1ec0N KH\u00d4NG D\u00d9NG THU\u1ed0C\" \/>\n<meta property=\"og:image\" content=\"https:\/\/letheson.com\/wp-content\/uploads\/2025\/09\/dereption.png\" \/>\n\t<meta property=\"og:image:width\" content=\"1200\" \/>\n\t<meta property=\"og:image:height\" content=\"675\" \/>\n\t<meta property=\"og:image:type\" content=\"image\/png\" \/>\n<meta name=\"twitter:card\" content=\"summary_large_image\" \/>\n<script type=\"application\/ld+json\" class=\"yoast-schema-graph\">{\"@context\":\"https:\/\/schema.org\",\"@graph\":[{\"@type\":\"WebPage\",\"@id\":\"https:\/\/letheson.com\/my-account\/\",\"url\":\"https:\/\/letheson.com\/my-account\/\",\"name\":\"My account - XOA B\u00d3P, B\u1ea4M HUY\u1ec6T Y H\u1eccC C\u1ed4 TRUY\u1ec0N KH\u00d4NG D\u00d9NG THU\u1ed0C\",\"isPartOf\":{\"@id\":\"https:\/\/letheson.com\/#website\"},\"datePublished\":\"2025-09-02T11:03:23+00:00\",\"breadcrumb\":{\"@id\":\"https:\/\/letheson.com\/my-account\/#breadcrumb\"},\"inLanguage\":\"en-US\",\"potentialAction\":[{\"@type\":\"ReadAction\",\"target\":[\"https:\/\/letheson.com\/my-account\/\"]}]},{\"@type\":\"BreadcrumbList\",\"@id\":\"https:\/\/letheson.com\/my-account\/#breadcrumb\",\"itemListElement\":[{\"@type\":\"ListItem\",\"position\":1,\"name\":\"Trang ch\u1ee7\",\"item\":\"https:\/\/letheson.com\/\"},{\"@type\":\"ListItem\",\"position\":2,\"name\":\"My account\"}]},{\"@type\":\"WebSite\",\"@id\":\"https:\/\/letheson.com\/#website\",\"url\":\"https:\/\/letheson.com\/\",\"name\":\"XOA B\u00d3P, B\u1ea4M HUY\u1ec6T Y H\u1eccC C\u1ed4 TRUY\u1ec0N KH\u00d4NG D\u00d9NG THU\u1ed0C\",\"description\":\"V\u1edbi nhi\u1ec1u n\u0103m kinh nghi\u1ec7m tr\u1ecb li\u1ec7u b\u1eb1ng ph\u01b0\u01a1ng ph\u00e1p xoa b\u00f3p, b\u1ea5m huy\u1ec7t y h\u1ecdc c\u1ed5 truy\u1ec1n kh\u00f4ng d\u00f9ng thu\u1ed1c, th\u1ea7y S\u01a1n \u0111\u00e3 gi\u00fap h\u00e0ng ng\u00e0n b\u1ec7nh nh\u00e2n trong v\u00e0 ngo\u00e0i n\u01b0\u1edbc c\u1ea3i thi\u1ec7n s\u1ee9c kh\u1ecfe, ph\u1ee5c h\u1ed3i v\u1eadn \u0111\u1ed9ng, v\u01b0\u1ee3t qua b\u1ec7nh t\u1eadt.\",\"publisher\":{\"@id\":\"https:\/\/letheson.com\/#\/schema\/person\/63ac68cd5130f8e87dbbd9dd0fe8c383\"},\"potentialAction\":[{\"@type\":\"SearchAction\",\"target\":{\"@type\":\"EntryPoint\",\"urlTemplate\":\"https:\/\/letheson.com\/?s={search_term_string}\"},\"query-input\":{\"@type\":\"PropertyValueSpecification\",\"valueRequired\":true,\"valueName\":\"search_term_string\"}}],\"inLanguage\":\"en-US\"},{\"@type\":[\"Person\",\"Organization\"],\"@id\":\"https:\/\/letheson.com\/#\/schema\/person\/63ac68cd5130f8e87dbbd9dd0fe8c383\",\"name\":\"admin\",\"image\":{\"@type\":\"ImageObject\",\"inLanguage\":\"en-US\",\"@id\":\"https:\/\/letheson.com\/#\/schema\/person\/image\/\",\"url\":\"https:\/\/letheson.com\/wp-content\/uploads\/2025\/09\/dereption.png\",\"contentUrl\":\"https:\/\/letheson.com\/wp-content\/uploads\/2025\/09\/dereption.png\",\"width\":1200,\"height\":675,\"caption\":\"admin\"},\"logo\":{\"@id\":\"https:\/\/letheson.com\/#\/schema\/person\/image\/\"},\"sameAs\":[\"https:\/\/letheson.com\"]}]}<\/script>\n<!-- \/ Yoast SEO plugin. -->","yoast_head_json":{"title":"My account - XOA B\u00d3P, B\u1ea4M HUY\u1ec6T Y H\u1eccC C\u1ed4 TRUY\u1ec0N KH\u00d4NG D\u00d9NG THU\u1ed0C","robots":{"index":"index","follow":"follow","max-snippet":"max-snippet:-1","max-image-preview":"max-image-preview:large","max-video-preview":"max-video-preview:-1"},"canonical":"https:\/\/letheson.com\/en\/my-account\/","og_locale":"en_US","og_type":"article","og_title":"My account - XOA B\u00d3P, B\u1ea4M HUY\u1ec6T Y H\u1eccC C\u1ed4 TRUY\u1ec0N KH\u00d4NG D\u00d9NG THU\u1ed0C","og_url":"https:\/\/letheson.com\/en\/my-account\/","og_site_name":"XOA B\u00d3P, B\u1ea4M HUY\u1ec6T Y H\u1eccC C\u1ed4 TRUY\u1ec0N KH\u00d4NG D\u00d9NG THU\u1ed0C","og_image":[{"width":1200,"height":675,"url":"https:\/\/letheson.com\/wp-content\/uploads\/2025\/09\/dereption.png","type":"image\/png"}],"twitter_card":"summary_large_image","schema":{"@context":"https:\/\/schema.org","@graph":[{"@type":"WebPage","@id":"https:\/\/letheson.com\/my-account\/","url":"https:\/\/letheson.com\/my-account\/","name":"My account - XOA B\u00d3P, B\u1ea4M HUY\u1ec6T Y H\u1eccC C\u1ed4 TRUY\u1ec0N KH\u00d4NG D\u00d9NG THU\u1ed0C","isPartOf":{"@id":"https:\/\/letheson.com\/#website"},"datePublished":"2025-09-02T11:03:23+00:00","breadcrumb":{"@id":"https:\/\/letheson.com\/my-account\/#breadcrumb"},"inLanguage":"en-US","potentialAction":[{"@type":"ReadAction","target":["https:\/\/letheson.com\/my-account\/"]}]},{"@type":"BreadcrumbList","@id":"https:\/\/letheson.com\/my-account\/#breadcrumb","itemListElement":[{"@type":"ListItem","position":1,"name":"Trang ch\u1ee7","item":"https:\/\/letheson.com\/"},{"@type":"ListItem","position":2,"name":"My account"}]},{"@type":"WebSite","@id":"https:\/\/letheson.com\/#website","url":"https:\/\/letheson.com\/","name":"XOA B\u00d3P, B\u1ea4M HUY\u1ec6T Y H\u1eccC C\u1ed4 TRUY\u1ec0N KH\u00d4NG D\u00d9NG THU\u1ed0C","description":"V\u1edbi nhi\u1ec1u n\u0103m kinh nghi\u1ec7m tr\u1ecb li\u1ec7u b\u1eb1ng ph\u01b0\u01a1ng ph\u00e1p xoa b\u00f3p, b\u1ea5m huy\u1ec7t y h\u1ecdc c\u1ed5 truy\u1ec1n kh\u00f4ng d\u00f9ng thu\u1ed1c, th\u1ea7y S\u01a1n \u0111\u00e3 gi\u00fap h\u00e0ng ng\u00e0n b\u1ec7nh nh\u00e2n trong v\u00e0 ngo\u00e0i n\u01b0\u1edbc c\u1ea3i thi\u1ec7n s\u1ee9c kh\u1ecfe, ph\u1ee5c h\u1ed3i v\u1eadn \u0111\u1ed9ng, v\u01b0\u1ee3t qua b\u1ec7nh t\u1eadt.","publisher":{"@id":"https:\/\/letheson.com\/#\/schema\/person\/63ac68cd5130f8e87dbbd9dd0fe8c383"},"potentialAction":[{"@type":"SearchAction","target":{"@type":"EntryPoint","urlTemplate":"https:\/\/letheson.com\/?s={search_term_string}"},"query-input":{"@type":"PropertyValueSpecification","valueRequired":true,"valueName":"search_term_string"}}],"inLanguage":"en-US"},{"@type":["Person","Organization"],"@id":"https:\/\/letheson.com\/#\/schema\/person\/63ac68cd5130f8e87dbbd9dd0fe8c383","name":"admin","image":{"@type":"ImageObject","inLanguage":"en-US","@id":"https:\/\/letheson.com\/#\/schema\/person\/image\/","url":"https:\/\/letheson.com\/wp-content\/uploads\/2025\/09\/dereption.png","contentUrl":"https:\/\/letheson.com\/wp-content\/uploads\/2025\/09\/dereption.png","width":1200,"height":675,"caption":"admin"},"logo":{"@id":"https:\/\/letheson.com\/#\/schema\/person\/image\/"},"sameAs":["https:\/\/letheson.com"]}]}},"_links":{"self":[{"href":"https:\/\/letheson.com\/en\/wp-json\/wp\/v2\/pages\/12","targetHints":{"allow":["GET"]}}],"collection":[{"href":"https:\/\/letheson.com\/en\/wp-json\/wp\/v2\/pages"}],"about":[{"href":"https:\/\/letheson.com\/en\/wp-json\/wp\/v2\/types\/page"}],"author":[{"embeddable":true,"href":"https:\/\/letheson.com\/en\/wp-json\/wp\/v2\/users\/1"}],"replies":[{"embeddable":true,"href":"https:\/\/letheson.com\/en\/wp-json\/wp\/v2\/comments?post=12"}],"version-history":[{"count":0,"href":"https:\/\/letheson.com\/en\/wp-json\/wp\/v2\/pages\/12\/revisions"}],"wp:attachment":[{"href":"https:\/\/letheson.com\/en\/wp-json\/wp\/v2\/media?parent=12"}],"curies":[{"name":"wp","href":"https:\/\/api.w.org\/{rel}","templated":true}]}}